{"id":65,"date":"2024-04-21T11:09:35","date_gmt":"2024-04-21T11:09:35","guid":{"rendered":"https:\/\/shop.autokino-langenhessen.de\/?post_type=product&#038;p=65"},"modified":"2024-04-21T11:18:26","modified_gmt":"2024-04-21T11:18:26","slug":"wertgutschein-fuer-speisen-und-getraenke-3","status":"publish","type":"product","link":"https:\/\/shop.autokino-langenhessen.de\/?product=wertgutschein-fuer-speisen-und-getraenke-3","title":{"rendered":"Wertgutschein f\u00fcr Speisen und Getr\u00e4nke"},"content":{"rendered":"","protected":false},"excerpt":{"rendered":"<p>Wertgutschein f\u00fcr Speisen und Getr\u00e4nke<\/p>\n<p>&nbsp;<\/p>\n","protected":false},"featured_media":70,"template":"","meta":[],"product_brand":[],"product_cat":[17],"product_tag":[],"class_list":{"0":"post-65","1":"product","2":"type-product","3":"status-publish","4":"has-post-thumbnail","6":"product_cat-gutscheine","8":"first","9":"instock","10":"taxable","11":"shipping-taxable","12":"purchasable","13":"product-type-simple"},"_links":{"self":[{"href":"https:\/\/shop.autokino-langenhessen.de\/index.php?rest_route=\/wp\/v2\/product\/65","targetHints":{"allow":["GET"]}}],"collection":[{"href":"https:\/\/shop.autokino-langenhessen.de\/index.php?rest_route=\/wp\/v2\/product"}],"about":[{"href":"https:\/\/shop.autokino-langenhessen.de\/index.php?rest_route=\/wp\/v2\/types\/product"}],"wp:featuredmedia":[{"embeddable":true,"href":"https:\/\/shop.autokino-langenhessen.de\/index.php?rest_route=\/wp\/v2\/media\/70"}],"wp:attachment":[{"href":"https:\/\/shop.autokino-langenhessen.de\/index.php?rest_route=%2Fwp%2Fv2%2Fmedia&parent=65"}],"wp:term":[{"taxonomy":"product_brand","embeddable":true,"href":"https:\/\/shop.autokino-langenhessen.de\/index.php?rest_route=%2Fwp%2Fv2%2Fproduct_brand&post=65"},{"taxonomy":"product_cat","embeddable":true,"href":"https:\/\/shop.autokino-langenhessen.de\/index.php?rest_route=%2Fwp%2Fv2%2Fproduct_cat&post=65"},{"taxonomy":"product_tag","embeddable":true,"href":"https:\/\/shop.autokino-langenhessen.de\/index.php?rest_route=%2Fwp%2Fv2%2Fproduct_tag&post=65"}],"curies":[{"name":"wp","href":"https:\/\/api.w.org\/{rel}","templated":true}]}}