{"id":60,"date":"2024-04-21T11:09:34","date_gmt":"2024-04-21T11:09:34","guid":{"rendered":"https:\/\/shop.autokino-langenhessen.de\/?post_type=product&#038;p=60"},"modified":"2024-04-21T11:19:16","modified_gmt":"2024-04-21T11:19:16","slug":"gutschein-fuer-kinder-bis-11-jahre","status":"publish","type":"product","link":"https:\/\/shop.autokino-langenhessen.de\/?product=gutschein-fuer-kinder-bis-11-jahre","title":{"rendered":"Gutschein f\u00fcr Kinder bis 11 Jahre"},"content":{"rendered":"","protected":false},"excerpt":{"rendered":"<p>Gutschein f\u00fcr unser Autokino f\u00fcr Kinder bis 11,99 Jahre<\/p>\n<p>&nbsp;<\/p>\n","protected":false},"featured_media":67,"template":"","meta":[],"product_brand":[],"product_cat":[17],"product_tag":[],"class_list":{"0":"post-60","1":"product","2":"type-product","3":"status-publish","4":"has-post-thumbnail","6":"product_cat-gutscheine","8":"first","9":"instock","10":"taxable","11":"shipping-taxable","12":"purchasable","13":"product-type-simple"},"_links":{"self":[{"href":"https:\/\/shop.autokino-langenhessen.de\/index.php?rest_route=\/wp\/v2\/product\/60","targetHints":{"allow":["GET"]}}],"collection":[{"href":"https:\/\/shop.autokino-langenhessen.de\/index.php?rest_route=\/wp\/v2\/product"}],"about":[{"href":"https:\/\/shop.autokino-langenhessen.de\/index.php?rest_route=\/wp\/v2\/types\/product"}],"wp:featuredmedia":[{"embeddable":true,"href":"https:\/\/shop.autokino-langenhessen.de\/index.php?rest_route=\/wp\/v2\/media\/67"}],"wp:attachment":[{"href":"https:\/\/shop.autokino-langenhessen.de\/index.php?rest_route=%2Fwp%2Fv2%2Fmedia&parent=60"}],"wp:term":[{"taxonomy":"product_brand","embeddable":true,"href":"https:\/\/shop.autokino-langenhessen.de\/index.php?rest_route=%2Fwp%2Fv2%2Fproduct_brand&post=60"},{"taxonomy":"product_cat","embeddable":true,"href":"https:\/\/shop.autokino-langenhessen.de\/index.php?rest_route=%2Fwp%2Fv2%2Fproduct_cat&post=60"},{"taxonomy":"product_tag","embeddable":true,"href":"https:\/\/shop.autokino-langenhessen.de\/index.php?rest_route=%2Fwp%2Fv2%2Fproduct_tag&post=60"}],"curies":[{"name":"wp","href":"https:\/\/api.w.org\/{rel}","templated":true}]}}